{"id":1442,"date":"2024-11-18T01:36:09","date_gmt":"2024-11-18T00:36:09","guid":{"rendered":"https:\/\/purificadoresdeaguacostarica.ozonofiltroscostarica.com\/?page_id=1442"},"modified":"2024-11-18T03:24:35","modified_gmt":"2024-11-18T02:24:35","slug":"solicitar-mas-informacion","status":"publish","type":"page","link":"https:\/\/purificadoresdeaguacostarica.ozonofiltroscostarica.com\/index.php\/solicitar-mas-informacion\/","title":{"rendered":"Solicitar m\u00e1s informaci\u00f3n"},"content":{"rendered":"<div class=\"wpforms-container wpforms-container-full\" id=\"wpforms-1447\"><form id=\"wpforms-form-1447\" class=\"wpforms-validate wpforms-form\" data-formid=\"1447\" method=\"post\" enctype=\"multipart\/form-data\" action=\"\/index.php\/wp-json\/wp\/v2\/pages\/1442\" data-token=\"2bc7c88dda59d6bddccc4cdca622b088\"><noscript class=\"wpforms-error-noscript\">Por favor, activa JavaScript en tu navegador para completar este formulario.<\/noscript><div class=\"wpforms-field-container\"><div id=\"wpforms-1447-field_1-container\" class=\"wpforms-field wpforms-field-text\" data-field-id=\"1\"><label class=\"wpforms-field-label\" for=\"wpforms-1447-field_1\">Nombre completo: <span class=\"wpforms-required-label\">*<\/span><\/label><input type=\"text\" id=\"wpforms-1447-field_1\" class=\"wpforms-field-medium wpforms-field-required\" name=\"wpforms[fields][1]\" required><\/div><div id=\"wpforms-1447-field_3-container\" class=\"wpforms-field wpforms-field-email\" data-field-id=\"3\"><label class=\"wpforms-field-label\" for=\"wpforms-1447-field_3\">Correo electr\u00f3nico: <span class=\"wpforms-required-label\">*<\/span><\/label><input type=\"email\" id=\"wpforms-1447-field_3\" class=\"wpforms-field-medium wpforms-field-required\" name=\"wpforms[fields][3]\" required><\/div><div id=\"wpforms-1447-field_4-container\" class=\"wpforms-field wpforms-field-number\" data-field-id=\"4\"><label class=\"wpforms-field-label\" for=\"wpforms-1447-field_4\">N\u00famero de Tel\u00e9fono: <span class=\"wpforms-required-label\">*<\/span><\/label><input type=\"number\" pattern=\"\\d*\" id=\"wpforms-1447-field_4\" class=\"wpforms-field-medium wpforms-field-required\" name=\"wpforms[fields][4]\" required><\/div><div id=\"wpforms-1447-field_5-container\" class=\"wpforms-field wpforms-field-textarea\" data-field-id=\"5\"><label class=\"wpforms-field-label\" for=\"wpforms-1447-field_5\">Direcci\u00f3n (Para entrega de productos o servicios):<\/label><textarea id=\"wpforms-1447-field_5\" class=\"wpforms-field-medium\" name=\"wpforms[fields][5]\" ><\/textarea><\/div><div id=\"wpforms-1447-field_6-container\" class=\"wpforms-field wpforms-field-select wpforms-field-select-style-classic\" data-field-id=\"6\"><label class=\"wpforms-field-label\" for=\"wpforms-1447-field_6\">\u00bfQu\u00e9 producto o servicio le interesa? <span class=\"wpforms-required-label\">*<\/span><\/label><select id=\"wpforms-1447-field_6\" class=\"wpforms-field-medium wpforms-field-required\" name=\"wpforms[fields][6]\" required=\"required\"><option value=\"Purificadores de agua\" >Purificadores de agua<\/option><option value=\"Suavizadores de agua\" >Suavizadores de agua<\/option><option value=\"Sistemas de \u00f3smosis inversa\" >Sistemas de \u00f3smosis inversa<\/option><option value=\"L\u00e1mparas UV\" >L\u00e1mparas UV<\/option><option value=\"Generadores de ozono\" >Generadores de ozono<\/option><option value=\"Mantenimiento o reparaci\u00f3n de equipos\" >Mantenimiento o reparaci\u00f3n de equipos<\/option><\/select><\/div><div id=\"wpforms-1447-field_7-container\" class=\"wpforms-field wpforms-field-select wpforms-field-select-style-classic\" data-field-id=\"7\"><label class=\"wpforms-field-label\" for=\"wpforms-1447-field_7\">\u00bfC\u00f3mo prefi eres que te contactemos? <span class=\"wpforms-required-label\">*<\/span><\/label><select id=\"wpforms-1447-field_7\" class=\"wpforms-field-medium wpforms-field-required\" name=\"wpforms[fields][7]\" required=\"required\"><option value=\"Tel\u00e9fono\" >Tel\u00e9fono<\/option><option value=\"WhatsApp\" >WhatsApp<\/option><option value=\"Correo electr\u00f3nico\" >Correo electr\u00f3nico<\/option><\/select><\/div><div id=\"wpforms-1447-field_8-container\" class=\"wpforms-field wpforms-field-select wpforms-field-select-style-classic\" data-field-id=\"8\"><label class=\"wpforms-field-label\" for=\"wpforms-1447-field_8\">\u00bfC\u00f3mo supiste de nosotros?<\/label><select id=\"wpforms-1447-field_8\" class=\"wpforms-field-medium\" name=\"wpforms[fields][8]\"><option value=\"Redes Sociales (Facebook, Instagram)\" >Redes Sociales (Facebook, Instagram)<\/option><option value=\"Recomendaci\u00f3n de un amigo o familiar\" >Recomendaci\u00f3n de un amigo o familiar<\/option><option value=\"B\u00fasqueda en Internet\" >B\u00fasqueda en Internet<\/option><\/select><\/div><div id=\"wpforms-1447-field_9-container\" class=\"wpforms-field wpforms-field-checkbox\" data-field-id=\"9\"><label class=\"wpforms-field-label\" for=\"wpforms-1447-field_9\">Autorizo que me contacten para recibir informaci\u00f3n sobre promociones, productos y servicios.<\/label><ul id=\"wpforms-1447-field_9\"><li class=\"choice-1 depth-1\"><input type=\"checkbox\" id=\"wpforms-1447-field_9_1\" name=\"wpforms[fields][9][]\" value=\"S\u00ed, acepto recibir comunicaciones.\"  ><label class=\"wpforms-field-label-inline\" for=\"wpforms-1447-field_9_1\">S\u00ed, acepto recibir comunicaciones.<\/label><\/li><\/ul><\/div><\/div><div class=\"wpforms-submit-container\" ><input type=\"hidden\" name=\"wpforms[id]\" value=\"1447\"><input type=\"hidden\" name=\"wpforms[author]\" value=\"1\"><button type=\"submit\" name=\"wpforms[submit]\" class=\"wpforms-submit \" id=\"wpforms-submit-1447\" value=\"wpforms-submit\" aria-live=\"assertive\" data-alt-text=\"Enviando...\" data-submit-text=\"Enviar\">Enviar<\/button><\/div><\/form><\/div>  <!-- .wpforms-container -->","protected":false},"excerpt":{"rendered":"","protected":false},"author":1,"featured_media":0,"parent":0,"menu_order":0,"comment_status":"closed","ping_status":"closed","template":"","meta":{"footnotes":""},"class_list":["post-1442","page","type-page","status-publish","hentry"],"yoast_head":"<!-- This site is optimized with the Yoast SEO plugin v23.8 - https:\/\/yoast.com\/wordpress\/plugins\/seo\/ -->\n<title>Solicitar m\u00e1s informaci\u00f3n - Purificadores de Agua Costa Rica Purificadores de Agua Costa Rica<\/title>\n<meta name=\"description\" content=\"Descubre la pureza del agua con nuestros purificadores de agua en Costa Rica. Enfrenta los desaf\u00edos de la calidad del agua con soluciones innovadoras y eficientes que garantizan la eliminaci\u00f3n de impurezas y contaminantes. Nuestros purificadores est\u00e1n dise\u00f1ados para adaptarse a las necesidades espec\u00edficas del agua en Costa Rica, brindando no solo un suministro seguro y saludable, sino tambi\u00e9n una tranquilidad inigualable. Explora nuestra gama de productos, desde sistemas de filtraci\u00f3n avanzados hasta purificadores de \u00faltima generaci\u00f3n, y transforma la calidad de tu agua hoy. Protege a tu familia y disfruta de agua limpia y cristalina con nuestros purificadores, l\u00edderes en tecnolog\u00eda y calidad en Costa Rica.\" \/>\n<meta name=\"robots\" content=\"index, follow, max-snippet:-1, max-image-preview:large, max-video-preview:-1\" \/>\n<link rel=\"canonical\" href=\"https:\/\/purificadoresdeaguacostarica.ozonofiltroscostarica.com\/index.php\/solicitar-mas-informacion\/\" \/>\n<meta property=\"og:locale\" content=\"es_ES\" \/>\n<meta property=\"og:type\" content=\"article\" \/>\n<meta property=\"og:title\" content=\"Solicitar m\u00e1s informaci\u00f3n - Purificadores de Agua Costa Rica Purificadores de Agua Costa Rica\" \/>\n<meta property=\"og:description\" content=\"Descubre la pureza del agua con nuestros purificadores de agua en Costa Rica. Enfrenta los desaf\u00edos de la calidad del agua con soluciones innovadoras y eficientes que garantizan la eliminaci\u00f3n de impurezas y contaminantes. Nuestros purificadores est\u00e1n dise\u00f1ados para adaptarse a las necesidades espec\u00edficas del agua en Costa Rica, brindando no solo un suministro seguro y saludable, sino tambi\u00e9n una tranquilidad inigualable. Explora nuestra gama de productos, desde sistemas de filtraci\u00f3n avanzados hasta purificadores de \u00faltima generaci\u00f3n, y transforma la calidad de tu agua hoy. Protege a tu familia y disfruta de agua limpia y cristalina con nuestros purificadores, l\u00edderes en tecnolog\u00eda y calidad en Costa Rica.\" \/>\n<meta property=\"og:url\" content=\"https:\/\/purificadoresdeaguacostarica.ozonofiltroscostarica.com\/index.php\/solicitar-mas-informacion\/\" \/>\n<meta property=\"og:site_name\" content=\"Purificadores de Agua Costa Rica\" \/>\n<meta property=\"article:modified_time\" content=\"2024-11-18T02:24:35+00:00\" \/>\n<meta name=\"twitter:card\" content=\"summary_large_image\" \/>\n<script type=\"application\/ld+json\" class=\"yoast-schema-graph\">{\"@context\":\"https:\/\/schema.org\",\"@graph\":[{\"@type\":\"WebPage\",\"@id\":\"https:\/\/purificadoresdeaguacostarica.ozonofiltroscostarica.com\/index.php\/solicitar-mas-informacion\/\",\"url\":\"https:\/\/purificadoresdeaguacostarica.ozonofiltroscostarica.com\/index.php\/solicitar-mas-informacion\/\",\"name\":\"Solicitar m\u00e1s informaci\u00f3n - Purificadores de Agua Costa Rica Purificadores de Agua Costa Rica\",\"isPartOf\":{\"@id\":\"https:\/\/purificadoresdeaguacostarica.ozonofiltroscostarica.com\/#website\"},\"datePublished\":\"2024-11-18T00:36:09+00:00\",\"dateModified\":\"2024-11-18T02:24:35+00:00\",\"description\":\"Descubre la pureza del agua con nuestros purificadores de agua en Costa Rica. Enfrenta los desaf\u00edos de la calidad del agua con soluciones innovadoras y eficientes que garantizan la eliminaci\u00f3n de impurezas y contaminantes. Nuestros purificadores est\u00e1n dise\u00f1ados para adaptarse a las necesidades espec\u00edficas del agua en Costa Rica, brindando no solo un suministro seguro y saludable, sino tambi\u00e9n una tranquilidad inigualable. Explora nuestra gama de productos, desde sistemas de filtraci\u00f3n avanzados hasta purificadores de \u00faltima generaci\u00f3n, y transforma la calidad de tu agua hoy. Protege a tu familia y disfruta de agua limpia y cristalina con nuestros purificadores, l\u00edderes en tecnolog\u00eda y calidad en Costa Rica.\",\"breadcrumb\":{\"@id\":\"https:\/\/purificadoresdeaguacostarica.ozonofiltroscostarica.com\/index.php\/solicitar-mas-informacion\/#breadcrumb\"},\"inLanguage\":\"es\",\"potentialAction\":[{\"@type\":\"ReadAction\",\"target\":[\"https:\/\/purificadoresdeaguacostarica.ozonofiltroscostarica.com\/index.php\/solicitar-mas-informacion\/\"]}]},{\"@type\":\"BreadcrumbList\",\"@id\":\"https:\/\/purificadoresdeaguacostarica.ozonofiltroscostarica.com\/index.php\/solicitar-mas-informacion\/#breadcrumb\",\"itemListElement\":[{\"@type\":\"ListItem\",\"position\":1,\"name\":\"Portada\",\"item\":\"https:\/\/purificadoresdeaguacostarica.ozonofiltroscostarica.com\/\"},{\"@type\":\"ListItem\",\"position\":2,\"name\":\"Solicitar m\u00e1s informaci\u00f3n\"}]},{\"@type\":\"WebSite\",\"@id\":\"https:\/\/purificadoresdeaguacostarica.ozonofiltroscostarica.com\/#website\",\"url\":\"https:\/\/purificadoresdeaguacostarica.ozonofiltroscostarica.com\/\",\"name\":\"purificadores de agua costa rica\",\"description\":\"Descubre la pureza del agua con nuestros purificadores de agua en Costa Rica. Enfrenta los desaf\u00edos de la calidad del agua con soluciones innovadoras y eficientes que garantizan la eliminaci\u00f3n de impurezas y contaminantes.\",\"alternateName\":\"purificadores de agua costa rica\",\"potentialAction\":[{\"@type\":\"SearchAction\",\"target\":{\"@type\":\"EntryPoint\",\"urlTemplate\":\"https:\/\/purificadoresdeaguacostarica.ozonofiltroscostarica.com\/?s={search_term_string}\"},\"query-input\":{\"@type\":\"PropertyValueSpecification\",\"valueRequired\":true,\"valueName\":\"search_term_string\"}}],\"inLanguage\":\"es\"}]}<\/script>\n<!-- \/ Yoast SEO plugin. -->","yoast_head_json":{"title":"Solicitar m\u00e1s informaci\u00f3n - Purificadores de Agua Costa Rica Purificadores de Agua Costa Rica","description":"Descubre la pureza del agua con nuestros purificadores de agua en Costa Rica. Enfrenta los desaf\u00edos de la calidad del agua con soluciones innovadoras y eficientes que garantizan la eliminaci\u00f3n de impurezas y contaminantes. Nuestros purificadores est\u00e1n dise\u00f1ados para adaptarse a las necesidades espec\u00edficas del agua en Costa Rica, brindando no solo un suministro seguro y saludable, sino tambi\u00e9n una tranquilidad inigualable. Explora nuestra gama de productos, desde sistemas de filtraci\u00f3n avanzados hasta purificadores de \u00faltima generaci\u00f3n, y transforma la calidad de tu agua hoy. Protege a tu familia y disfruta de agua limpia y cristalina con nuestros purificadores, l\u00edderes en tecnolog\u00eda y calidad en Costa Rica.","robots":{"index":"index","follow":"follow","max-snippet":"max-snippet:-1","max-image-preview":"max-image-preview:large","max-video-preview":"max-video-preview:-1"},"canonical":"https:\/\/purificadoresdeaguacostarica.ozonofiltroscostarica.com\/index.php\/solicitar-mas-informacion\/","og_locale":"es_ES","og_type":"article","og_title":"Solicitar m\u00e1s informaci\u00f3n - Purificadores de Agua Costa Rica Purificadores de Agua Costa Rica","og_description":"Descubre la pureza del agua con nuestros purificadores de agua en Costa Rica. Enfrenta los desaf\u00edos de la calidad del agua con soluciones innovadoras y eficientes que garantizan la eliminaci\u00f3n de impurezas y contaminantes. Nuestros purificadores est\u00e1n dise\u00f1ados para adaptarse a las necesidades espec\u00edficas del agua en Costa Rica, brindando no solo un suministro seguro y saludable, sino tambi\u00e9n una tranquilidad inigualable. Explora nuestra gama de productos, desde sistemas de filtraci\u00f3n avanzados hasta purificadores de \u00faltima generaci\u00f3n, y transforma la calidad de tu agua hoy. Protege a tu familia y disfruta de agua limpia y cristalina con nuestros purificadores, l\u00edderes en tecnolog\u00eda y calidad en Costa Rica.","og_url":"https:\/\/purificadoresdeaguacostarica.ozonofiltroscostarica.com\/index.php\/solicitar-mas-informacion\/","og_site_name":"Purificadores de Agua Costa Rica","article_modified_time":"2024-11-18T02:24:35+00:00","twitter_card":"summary_large_image","schema":{"@context":"https:\/\/schema.org","@graph":[{"@type":"WebPage","@id":"https:\/\/purificadoresdeaguacostarica.ozonofiltroscostarica.com\/index.php\/solicitar-mas-informacion\/","url":"https:\/\/purificadoresdeaguacostarica.ozonofiltroscostarica.com\/index.php\/solicitar-mas-informacion\/","name":"Solicitar m\u00e1s informaci\u00f3n - Purificadores de Agua Costa Rica Purificadores de Agua Costa Rica","isPartOf":{"@id":"https:\/\/purificadoresdeaguacostarica.ozonofiltroscostarica.com\/#website"},"datePublished":"2024-11-18T00:36:09+00:00","dateModified":"2024-11-18T02:24:35+00:00","description":"Descubre la pureza del agua con nuestros purificadores de agua en Costa Rica. Enfrenta los desaf\u00edos de la calidad del agua con soluciones innovadoras y eficientes que garantizan la eliminaci\u00f3n de impurezas y contaminantes. Nuestros purificadores est\u00e1n dise\u00f1ados para adaptarse a las necesidades espec\u00edficas del agua en Costa Rica, brindando no solo un suministro seguro y saludable, sino tambi\u00e9n una tranquilidad inigualable. Explora nuestra gama de productos, desde sistemas de filtraci\u00f3n avanzados hasta purificadores de \u00faltima generaci\u00f3n, y transforma la calidad de tu agua hoy. Protege a tu familia y disfruta de agua limpia y cristalina con nuestros purificadores, l\u00edderes en tecnolog\u00eda y calidad en Costa Rica.","breadcrumb":{"@id":"https:\/\/purificadoresdeaguacostarica.ozonofiltroscostarica.com\/index.php\/solicitar-mas-informacion\/#breadcrumb"},"inLanguage":"es","potentialAction":[{"@type":"ReadAction","target":["https:\/\/purificadoresdeaguacostarica.ozonofiltroscostarica.com\/index.php\/solicitar-mas-informacion\/"]}]},{"@type":"BreadcrumbList","@id":"https:\/\/purificadoresdeaguacostarica.ozonofiltroscostarica.com\/index.php\/solicitar-mas-informacion\/#breadcrumb","itemListElement":[{"@type":"ListItem","position":1,"name":"Portada","item":"https:\/\/purificadoresdeaguacostarica.ozonofiltroscostarica.com\/"},{"@type":"ListItem","position":2,"name":"Solicitar m\u00e1s informaci\u00f3n"}]},{"@type":"WebSite","@id":"https:\/\/purificadoresdeaguacostarica.ozonofiltroscostarica.com\/#website","url":"https:\/\/purificadoresdeaguacostarica.ozonofiltroscostarica.com\/","name":"purificadores de agua costa rica","description":"Descubre la pureza del agua con nuestros purificadores de agua en Costa Rica. Enfrenta los desaf\u00edos de la calidad del agua con soluciones innovadoras y eficientes que garantizan la eliminaci\u00f3n de impurezas y contaminantes.","alternateName":"purificadores de agua costa rica","potentialAction":[{"@type":"SearchAction","target":{"@type":"EntryPoint","urlTemplate":"https:\/\/purificadoresdeaguacostarica.ozonofiltroscostarica.com\/?s={search_term_string}"},"query-input":{"@type":"PropertyValueSpecification","valueRequired":true,"valueName":"search_term_string"}}],"inLanguage":"es"}]}},"_links":{"self":[{"href":"https:\/\/purificadoresdeaguacostarica.ozonofiltroscostarica.com\/index.php\/wp-json\/wp\/v2\/pages\/1442","targetHints":{"allow":["GET"]}}],"collection":[{"href":"https:\/\/purificadoresdeaguacostarica.ozonofiltroscostarica.com\/index.php\/wp-json\/wp\/v2\/pages"}],"about":[{"href":"https:\/\/purificadoresdeaguacostarica.ozonofiltroscostarica.com\/index.php\/wp-json\/wp\/v2\/types\/page"}],"author":[{"embeddable":true,"href":"https:\/\/purificadoresdeaguacostarica.ozonofiltroscostarica.com\/index.php\/wp-json\/wp\/v2\/users\/1"}],"replies":[{"embeddable":true,"href":"https:\/\/purificadoresdeaguacostarica.ozonofiltroscostarica.com\/index.php\/wp-json\/wp\/v2\/comments?post=1442"}],"version-history":[{"count":2,"href":"https:\/\/purificadoresdeaguacostarica.ozonofiltroscostarica.com\/index.php\/wp-json\/wp\/v2\/pages\/1442\/revisions"}],"predecessor-version":[{"id":1448,"href":"https:\/\/purificadoresdeaguacostarica.ozonofiltroscostarica.com\/index.php\/wp-json\/wp\/v2\/pages\/1442\/revisions\/1448"}],"wp:attachment":[{"href":"https:\/\/purificadoresdeaguacostarica.ozonofiltroscostarica.com\/index.php\/wp-json\/wp\/v2\/media?parent=1442"}],"curies":[{"name":"wp","href":"https:\/\/api.w.org\/{rel}","templated":true}]}}