{"id":460,"date":"2024-02-11T01:52:46","date_gmt":"2024-02-11T00:52:46","guid":{"rendered":"https:\/\/purificadoresdeaguacostarica.ozonofiltroscostarica.com\/?page_id=460"},"modified":"2024-02-11T02:32:03","modified_gmt":"2024-02-11T01:32:03","slug":"contacto","status":"publish","type":"page","link":"https:\/\/purificadoresdeaguacostarica.ozonofiltroscostarica.com\/index.php\/contacto\/","title":{"rendered":"Contacto"},"content":{"rendered":"<div class=\"wp-block-columns is-layout-flex wp-container-core-columns-is-layout-1 wp-block-columns-is-layout-flex\"><div class=\"wp-block-column is-layout-flow wp-block-column-is-layout-flow\"><h3 class=\"wp-block-heading\">Correo electr\u00f3nico<\/h3>\n\n<p><a href=\"mailto:info@purificadoresdeaguacostarica.ozonofiltros.com\">info@purificadoresdeaguacostarica.ozonofiltros.com<\/a><\/p>\n\n<p><\/p><\/div>\n\n<div class=\"wp-block-column is-layout-flow wp-block-column-is-layout-flow\"><h3 class=\"wp-block-heading\">Tel\u00e9fono<\/h3>\n\n<p><a href=\"tel:50688241221\">88241221<\/a><\/p><\/div>\n\n<div class=\"wp-block-column is-layout-flow wp-block-column-is-layout-flow\"><h3 class=\"wp-block-heading\">WhatsApp<\/h3>\n\n<div class=\"wp-block-buttons is-layout-flex wp-block-buttons-is-layout-flex\"><div class=\"wp-block-button\"><a class=\"wp-block-button__link has-black-color has-vivid-green-cyan-background-color has-text-color has-background has-link-color wp-element-button\" href=\"https:\/\/wa.link\/9rnhhw\"><strong>Consultar por WhatsApp<\/strong><\/a><\/div><\/div><\/div><\/div><h3 class=\"wp-block-heading\">Escr\u00edbenos<\/h3><div class=\"wpforms-container wpforms-container-full\" id=\"wpforms-462\"><form id=\"wpforms-form-462\" class=\"wpforms-validate wpforms-form wpforms-ajax-form\" data-formid=\"462\" method=\"post\" enctype=\"multipart\/form-data\" action=\"\/index.php\/wp-json\/wp\/v2\/pages\/460\" data-token=\"2bc7c88dda59d6bddccc4cdca622b088\"><noscript class=\"wpforms-error-noscript\">Por favor, activa JavaScript en tu navegador para completar este formulario.<\/noscript><div class=\"wpforms-field-container\"><div id=\"wpforms-462-field_0-container\" class=\"wpforms-field wpforms-field-name\" data-field-id=\"0\"><label class=\"wpforms-field-label\" for=\"wpforms-462-field_0\">Nombre <span class=\"wpforms-required-label\">*<\/span><\/label><div class=\"wpforms-field-row wpforms-field-medium\"><div class=\"wpforms-field-row-block wpforms-first wpforms-one-half\"><input type=\"text\" id=\"wpforms-462-field_0\" class=\"wpforms-field-name-first wpforms-field-required\" name=\"wpforms[fields][0][first]\" required><label for=\"wpforms-462-field_0\" class=\"wpforms-field-sublabel after \">Nombre<\/label><\/div><div class=\"wpforms-field-row-block wpforms-one-half\"><input type=\"text\" id=\"wpforms-462-field_0-last\" class=\"wpforms-field-name-last wpforms-field-required\" name=\"wpforms[fields][0][last]\" required><label for=\"wpforms-462-field_0-last\" class=\"wpforms-field-sublabel after \">Apellidos<\/label><\/div><\/div><\/div><div id=\"wpforms-462-field_1-container\" class=\"wpforms-field wpforms-field-email\" data-field-id=\"1\"><label class=\"wpforms-field-label\" for=\"wpforms-462-field_1\">Correo electr\u00f3nico <span class=\"wpforms-required-label\">*<\/span><\/label><input type=\"email\" id=\"wpforms-462-field_1\" class=\"wpforms-field-medium wpforms-field-required\" name=\"wpforms[fields][1]\" value=\"\" required><\/div><div id=\"wpforms-462-field_2-container\" class=\"wpforms-field wpforms-field-textarea\" data-field-id=\"2\"><label class=\"wpforms-field-label\" for=\"wpforms-462-field_2\">Comentario o mensaje<\/label><textarea id=\"wpforms-462-field_2\" class=\"wpforms-field-medium\" name=\"wpforms[fields][2]\" ><\/textarea><\/div><\/div><div class=\"wpforms-submit-container\" ><input type=\"hidden\" name=\"wpforms[id]\" value=\"462\"><input type=\"hidden\" name=\"wpforms[author]\" value=\"1\"><button type=\"submit\" name=\"wpforms[submit]\" class=\"wpforms-submit \" id=\"wpforms-submit-462\" value=\"wpforms-submit\" aria-live=\"assertive\" data-alt-text=\"Enviando...\" data-submit-text=\"Enviar\">Enviar<\/button><img loading=\"lazy\" decoding=\"async\" data-src=\"https:\/\/purificadoresdeaguacostarica.ozonofiltroscostarica.com\/wp-content\/plugins\/wpforms\/assets\/images\/submit-spin.svg\" class=\"wpforms-submit-spinner lazyload\" style=\"--smush-placeholder-width: 26px; --smush-placeholder-aspect-ratio: 26\/26;display: none;\" width=\"26\" height=\"26\" alt=\"\" src=\"data:image\/gif;base64,R0lGODlhAQABAAAAACH5BAEKAAEALAAAAAABAAEAAAICTAEAOw==\"><noscript><img loading=\"lazy\" decoding=\"async\" src=\"https:\/\/purificadoresdeaguacostarica.ozonofiltroscostarica.com\/wp-content\/plugins\/wpforms\/assets\/images\/submit-spin.svg\" class=\"wpforms-submit-spinner\" style=\"display: none;\" width=\"26\" height=\"26\" alt=\"\"><\/noscript><\/div><\/form><\/div>  <!-- .wpforms-container -->","protected":false},"excerpt":{"rendered":"<p>Correo electr\u00f3nico info@purificadoresdeaguacostarica.ozonofiltros.com Tel\u00e9fono 88241221 WhatsApp Escr\u00edbenos<\/p>\n","protected":false},"author":1,"featured_media":0,"parent":0,"menu_order":0,"comment_status":"closed","ping_status":"closed","template":"","meta":{"footnotes":""},"class_list":["post-460","page","type-page","status-publish","hentry"],"yoast_head":"<!-- This site is optimized with the Yoast SEO plugin v23.8 - https:\/\/yoast.com\/wordpress\/plugins\/seo\/ -->\n<title>Contacto - Purificadores de Agua Costa Rica Purificadores de Agua Costa Rica<\/title>\n<meta name=\"description\" content=\"Correo electr\u00f3nico info@purificadoresdeaguacostarica.ozonofiltros.com Tel\u00e9fono 88241221 WhatsApp Consultar por WhatsApp Descubre la pureza del agua con nuestros purificadores de agua en Costa Rica. Enfrenta los desaf\u00edos de la calidad del agua con soluciones innovadoras y eficientes que garantizan la eliminaci\u00f3n de impurezas y contaminantes. Nuestros purificadores est\u00e1n dise\u00f1ados para adaptarse a las necesidades espec\u00edficas del agua en Costa Rica, brindando no solo un suministro seguro y saludable, sino tambi\u00e9n una tranquilidad inigualable. Explora nuestra gama de productos, desde sistemas de filtraci\u00f3n avanzados hasta purificadores de \u00faltima generaci\u00f3n, y transforma la calidad de tu agua hoy. Protege a tu familia y disfruta de agua limpia y cristalina con nuestros purificadores, l\u00edderes en tecnolog\u00eda y calidad en Costa Rica.\" \/>\n<meta name=\"robots\" content=\"index, follow, max-snippet:-1, max-image-preview:large, max-video-preview:-1\" \/>\n<link rel=\"canonical\" href=\"https:\/\/purificadoresdeaguacostarica.ozonofiltroscostarica.com\/index.php\/contacto\/\" \/>\n<meta property=\"og:locale\" content=\"es_ES\" \/>\n<meta property=\"og:type\" content=\"article\" \/>\n<meta property=\"og:title\" content=\"Contacto - Purificadores de Agua Costa Rica Purificadores de Agua Costa Rica\" \/>\n<meta property=\"og:description\" content=\"Correo electr\u00f3nico info@purificadoresdeaguacostarica.ozonofiltros.com Tel\u00e9fono 88241221 WhatsApp Consultar por WhatsApp Descubre la pureza del agua con nuestros purificadores de agua en Costa Rica. Enfrenta los desaf\u00edos de la calidad del agua con soluciones innovadoras y eficientes que garantizan la eliminaci\u00f3n de impurezas y contaminantes. Nuestros purificadores est\u00e1n dise\u00f1ados para adaptarse a las necesidades espec\u00edficas del agua en Costa Rica, brindando no solo un suministro seguro y saludable, sino tambi\u00e9n una tranquilidad inigualable. Explora nuestra gama de productos, desde sistemas de filtraci\u00f3n avanzados hasta purificadores de \u00faltima generaci\u00f3n, y transforma la calidad de tu agua hoy. Protege a tu familia y disfruta de agua limpia y cristalina con nuestros purificadores, l\u00edderes en tecnolog\u00eda y calidad en Costa Rica.\" \/>\n<meta property=\"og:url\" content=\"https:\/\/purificadoresdeaguacostarica.ozonofiltroscostarica.com\/index.php\/contacto\/\" \/>\n<meta property=\"og:site_name\" content=\"Purificadores de Agua Costa Rica\" \/>\n<meta property=\"article:modified_time\" content=\"2024-02-11T01:32:03+00:00\" \/>\n<meta name=\"twitter:card\" content=\"summary_large_image\" \/>\n<meta name=\"twitter:label1\" content=\"Tiempo de lectura\" \/>\n\t<meta name=\"twitter:data1\" content=\"1 minuto\" \/>\n<script type=\"application\/ld+json\" class=\"yoast-schema-graph\">{\"@context\":\"https:\/\/schema.org\",\"@graph\":[{\"@type\":\"WebPage\",\"@id\":\"https:\/\/purificadoresdeaguacostarica.ozonofiltroscostarica.com\/index.php\/contacto\/\",\"url\":\"https:\/\/purificadoresdeaguacostarica.ozonofiltroscostarica.com\/index.php\/contacto\/\",\"name\":\"Contacto - Purificadores de Agua Costa Rica Purificadores de Agua Costa Rica\",\"isPartOf\":{\"@id\":\"https:\/\/purificadoresdeaguacostarica.ozonofiltroscostarica.com\/#website\"},\"datePublished\":\"2024-02-11T00:52:46+00:00\",\"dateModified\":\"2024-02-11T01:32:03+00:00\",\"description\":\"Correo electr\u00f3nico info@purificadoresdeaguacostarica.ozonofiltros.com Tel\u00e9fono 88241221 WhatsApp Consultar por WhatsApp Descubre la pureza del agua con nuestros purificadores de agua en Costa Rica. Enfrenta los desaf\u00edos de la calidad del agua con soluciones innovadoras y eficientes que garantizan la eliminaci\u00f3n de impurezas y contaminantes. Nuestros purificadores est\u00e1n dise\u00f1ados para adaptarse a las necesidades espec\u00edficas del agua en Costa Rica, brindando no solo un suministro seguro y saludable, sino tambi\u00e9n una tranquilidad inigualable. Explora nuestra gama de productos, desde sistemas de filtraci\u00f3n avanzados hasta purificadores de \u00faltima generaci\u00f3n, y transforma la calidad de tu agua hoy. Protege a tu familia y disfruta de agua limpia y cristalina con nuestros purificadores, l\u00edderes en tecnolog\u00eda y calidad en Costa Rica.\",\"breadcrumb\":{\"@id\":\"https:\/\/purificadoresdeaguacostarica.ozonofiltroscostarica.com\/index.php\/contacto\/#breadcrumb\"},\"inLanguage\":\"es\",\"potentialAction\":[{\"@type\":\"ReadAction\",\"target\":[\"https:\/\/purificadoresdeaguacostarica.ozonofiltroscostarica.com\/index.php\/contacto\/\"]}]},{\"@type\":\"BreadcrumbList\",\"@id\":\"https:\/\/purificadoresdeaguacostarica.ozonofiltroscostarica.com\/index.php\/contacto\/#breadcrumb\",\"itemListElement\":[{\"@type\":\"ListItem\",\"position\":1,\"name\":\"Portada\",\"item\":\"https:\/\/purificadoresdeaguacostarica.ozonofiltroscostarica.com\/\"},{\"@type\":\"ListItem\",\"position\":2,\"name\":\"Contacto\"}]},{\"@type\":\"WebSite\",\"@id\":\"https:\/\/purificadoresdeaguacostarica.ozonofiltroscostarica.com\/#website\",\"url\":\"https:\/\/purificadoresdeaguacostarica.ozonofiltroscostarica.com\/\",\"name\":\"purificadores de agua costa rica\",\"description\":\"Descubre la pureza del agua con nuestros purificadores de agua en Costa Rica. Enfrenta los desaf\u00edos de la calidad del agua con soluciones innovadoras y eficientes que garantizan la eliminaci\u00f3n de impurezas y contaminantes.\",\"alternateName\":\"purificadores de agua costa rica\",\"potentialAction\":[{\"@type\":\"SearchAction\",\"target\":{\"@type\":\"EntryPoint\",\"urlTemplate\":\"https:\/\/purificadoresdeaguacostarica.ozonofiltroscostarica.com\/?s={search_term_string}\"},\"query-input\":{\"@type\":\"PropertyValueSpecification\",\"valueRequired\":true,\"valueName\":\"search_term_string\"}}],\"inLanguage\":\"es\"}]}<\/script>\n<!-- \/ Yoast SEO plugin. -->","yoast_head_json":{"title":"Contacto - Purificadores de Agua Costa Rica Purificadores de Agua Costa Rica","description":"Correo electr\u00f3nico info@purificadoresdeaguacostarica.ozonofiltros.com Tel\u00e9fono 88241221 WhatsApp Consultar por WhatsApp Descubre la pureza del agua con nuestros purificadores de agua en Costa Rica. Enfrenta los desaf\u00edos de la calidad del agua con soluciones innovadoras y eficientes que garantizan la eliminaci\u00f3n de impurezas y contaminantes. Nuestros purificadores est\u00e1n dise\u00f1ados para adaptarse a las necesidades espec\u00edficas del agua en Costa Rica, brindando no solo un suministro seguro y saludable, sino tambi\u00e9n una tranquilidad inigualable. Explora nuestra gama de productos, desde sistemas de filtraci\u00f3n avanzados hasta purificadores de \u00faltima generaci\u00f3n, y transforma la calidad de tu agua hoy. Protege a tu familia y disfruta de agua limpia y cristalina con nuestros purificadores, l\u00edderes en tecnolog\u00eda y calidad en Costa Rica.","robots":{"index":"index","follow":"follow","max-snippet":"max-snippet:-1","max-image-preview":"max-image-preview:large","max-video-preview":"max-video-preview:-1"},"canonical":"https:\/\/purificadoresdeaguacostarica.ozonofiltroscostarica.com\/index.php\/contacto\/","og_locale":"es_ES","og_type":"article","og_title":"Contacto - Purificadores de Agua Costa Rica Purificadores de Agua Costa Rica","og_description":"Correo electr\u00f3nico info@purificadoresdeaguacostarica.ozonofiltros.com Tel\u00e9fono 88241221 WhatsApp Consultar por WhatsApp Descubre la pureza del agua con nuestros purificadores de agua en Costa Rica. Enfrenta los desaf\u00edos de la calidad del agua con soluciones innovadoras y eficientes que garantizan la eliminaci\u00f3n de impurezas y contaminantes. Nuestros purificadores est\u00e1n dise\u00f1ados para adaptarse a las necesidades espec\u00edficas del agua en Costa Rica, brindando no solo un suministro seguro y saludable, sino tambi\u00e9n una tranquilidad inigualable. Explora nuestra gama de productos, desde sistemas de filtraci\u00f3n avanzados hasta purificadores de \u00faltima generaci\u00f3n, y transforma la calidad de tu agua hoy. Protege a tu familia y disfruta de agua limpia y cristalina con nuestros purificadores, l\u00edderes en tecnolog\u00eda y calidad en Costa Rica.","og_url":"https:\/\/purificadoresdeaguacostarica.ozonofiltroscostarica.com\/index.php\/contacto\/","og_site_name":"Purificadores de Agua Costa Rica","article_modified_time":"2024-02-11T01:32:03+00:00","twitter_card":"summary_large_image","twitter_misc":{"Tiempo de lectura":"1 minuto"},"schema":{"@context":"https:\/\/schema.org","@graph":[{"@type":"WebPage","@id":"https:\/\/purificadoresdeaguacostarica.ozonofiltroscostarica.com\/index.php\/contacto\/","url":"https:\/\/purificadoresdeaguacostarica.ozonofiltroscostarica.com\/index.php\/contacto\/","name":"Contacto - Purificadores de Agua Costa Rica Purificadores de Agua Costa Rica","isPartOf":{"@id":"https:\/\/purificadoresdeaguacostarica.ozonofiltroscostarica.com\/#website"},"datePublished":"2024-02-11T00:52:46+00:00","dateModified":"2024-02-11T01:32:03+00:00","description":"Correo electr\u00f3nico info@purificadoresdeaguacostarica.ozonofiltros.com Tel\u00e9fono 88241221 WhatsApp Consultar por WhatsApp Descubre la pureza del agua con nuestros purificadores de agua en Costa Rica. Enfrenta los desaf\u00edos de la calidad del agua con soluciones innovadoras y eficientes que garantizan la eliminaci\u00f3n de impurezas y contaminantes. Nuestros purificadores est\u00e1n dise\u00f1ados para adaptarse a las necesidades espec\u00edficas del agua en Costa Rica, brindando no solo un suministro seguro y saludable, sino tambi\u00e9n una tranquilidad inigualable. Explora nuestra gama de productos, desde sistemas de filtraci\u00f3n avanzados hasta purificadores de \u00faltima generaci\u00f3n, y transforma la calidad de tu agua hoy. Protege a tu familia y disfruta de agua limpia y cristalina con nuestros purificadores, l\u00edderes en tecnolog\u00eda y calidad en Costa Rica.","breadcrumb":{"@id":"https:\/\/purificadoresdeaguacostarica.ozonofiltroscostarica.com\/index.php\/contacto\/#breadcrumb"},"inLanguage":"es","potentialAction":[{"@type":"ReadAction","target":["https:\/\/purificadoresdeaguacostarica.ozonofiltroscostarica.com\/index.php\/contacto\/"]}]},{"@type":"BreadcrumbList","@id":"https:\/\/purificadoresdeaguacostarica.ozonofiltroscostarica.com\/index.php\/contacto\/#breadcrumb","itemListElement":[{"@type":"ListItem","position":1,"name":"Portada","item":"https:\/\/purificadoresdeaguacostarica.ozonofiltroscostarica.com\/"},{"@type":"ListItem","position":2,"name":"Contacto"}]},{"@type":"WebSite","@id":"https:\/\/purificadoresdeaguacostarica.ozonofiltroscostarica.com\/#website","url":"https:\/\/purificadoresdeaguacostarica.ozonofiltroscostarica.com\/","name":"purificadores de agua costa rica","description":"Descubre la pureza del agua con nuestros purificadores de agua en Costa Rica. Enfrenta los desaf\u00edos de la calidad del agua con soluciones innovadoras y eficientes que garantizan la eliminaci\u00f3n de impurezas y contaminantes.","alternateName":"purificadores de agua costa rica","potentialAction":[{"@type":"SearchAction","target":{"@type":"EntryPoint","urlTemplate":"https:\/\/purificadoresdeaguacostarica.ozonofiltroscostarica.com\/?s={search_term_string}"},"query-input":{"@type":"PropertyValueSpecification","valueRequired":true,"valueName":"search_term_string"}}],"inLanguage":"es"}]}},"_links":{"self":[{"href":"https:\/\/purificadoresdeaguacostarica.ozonofiltroscostarica.com\/index.php\/wp-json\/wp\/v2\/pages\/460","targetHints":{"allow":["GET"]}}],"collection":[{"href":"https:\/\/purificadoresdeaguacostarica.ozonofiltroscostarica.com\/index.php\/wp-json\/wp\/v2\/pages"}],"about":[{"href":"https:\/\/purificadoresdeaguacostarica.ozonofiltroscostarica.com\/index.php\/wp-json\/wp\/v2\/types\/page"}],"author":[{"embeddable":true,"href":"https:\/\/purificadoresdeaguacostarica.ozonofiltroscostarica.com\/index.php\/wp-json\/wp\/v2\/users\/1"}],"replies":[{"embeddable":true,"href":"https:\/\/purificadoresdeaguacostarica.ozonofiltroscostarica.com\/index.php\/wp-json\/wp\/v2\/comments?post=460"}],"version-history":[{"count":3,"href":"https:\/\/purificadoresdeaguacostarica.ozonofiltroscostarica.com\/index.php\/wp-json\/wp\/v2\/pages\/460\/revisions"}],"predecessor-version":[{"id":467,"href":"https:\/\/purificadoresdeaguacostarica.ozonofiltroscostarica.com\/index.php\/wp-json\/wp\/v2\/pages\/460\/revisions\/467"}],"wp:attachment":[{"href":"https:\/\/purificadoresdeaguacostarica.ozonofiltroscostarica.com\/index.php\/wp-json\/wp\/v2\/media?parent=460"}],"curies":[{"name":"wp","href":"https:\/\/api.w.org\/{rel}","templated":true}]}}