{"id":7,"date":"2023-12-04T07:42:58","date_gmt":"2023-12-04T06:42:58","guid":{"rendered":"https:\/\/purificadoresdeaguacostarica.ozonofiltroscostarica.com\/index.php\/cart\/"},"modified":"2023-12-04T07:42:58","modified_gmt":"2023-12-04T06:42:58","slug":"cart","status":"publish","type":"page","link":"https:\/\/purificadoresdeaguacostarica.ozonofiltroscostarica.com\/index.php\/cart\/","title":{"rendered":"Cart"},"content":{"rendered":"<div data-block-name=\"woocommerce\/cart\" class=\"wp-block-woocommerce-cart alignwide is-loading\"><div data-block-name=\"woocommerce\/filled-cart-block\" class=\"wp-block-woocommerce-filled-cart-block\"><div data-block-name=\"woocommerce\/cart-items-block\" class=\"wp-block-woocommerce-cart-items-block\"><div data-block-name=\"woocommerce\/cart-line-items-block\" class=\"wp-block-woocommerce-cart-line-items-block\"><\/div>\n\n<div data-block-name=\"woocommerce\/cart-cross-sells-block\" class=\"wp-block-woocommerce-cart-cross-sells-block\"><h2 class=\"wp-block-heading has-large-font-size\">You may be interested in\u2026<\/h2>\n\n<div data-block-name=\"woocommerce\/cart-cross-sells-products-block\" class=\"wp-block-woocommerce-cart-cross-sells-products-block\"><\/div><\/div><\/div>\n\n<div data-block-name=\"woocommerce\/cart-totals-block\" class=\"wp-block-woocommerce-cart-totals-block\"><div data-block-name=\"woocommerce\/cart-order-summary-block\" class=\"wp-block-woocommerce-cart-order-summary-block\"><div data-block-name=\"woocommerce\/cart-order-summary-heading-block\" class=\"wp-block-woocommerce-cart-order-summary-heading-block\"><\/div><div data-block-name=\"woocommerce\/cart-order-summary-coupon-form-block\" class=\"wp-block-woocommerce-cart-order-summary-coupon-form-block\"><\/div><div data-block-name=\"woocommerce\/cart-order-summary-totals-block\" class=\"wp-block-woocommerce-cart-order-summary-totals-block\">\n<div data-block-name=\"woocommerce\/cart-order-summary-subtotal-block\" class=\"wp-block-woocommerce-cart-order-summary-subtotal-block\"><\/div>\n<div data-block-name=\"woocommerce\/cart-order-summary-discount-block\" class=\"wp-block-woocommerce-cart-order-summary-discount-block\"><\/div>\n<div data-block-name=\"woocommerce\/cart-order-summary-fee-block\" class=\"wp-block-woocommerce-cart-order-summary-fee-block\"><\/div>\n<div data-block-name=\"woocommerce\/cart-order-summary-shipping-block\" class=\"wp-block-woocommerce-cart-order-summary-shipping-block\"><\/div>\n<div data-block-name=\"woocommerce\/cart-order-summary-taxes-block\" class=\"wp-block-woocommerce-cart-order-summary-taxes-block\"><\/div><\/div><\/div>\n\n<div data-block-name=\"woocommerce\/cart-express-payment-block\" class=\"wp-block-woocommerce-cart-express-payment-block\"><\/div>\n\n<div data-block-name=\"woocommerce\/proceed-to-checkout-block\" class=\"wp-block-woocommerce-proceed-to-checkout-block\"><\/div>\n\n<div data-block-name=\"woocommerce\/cart-accepted-payment-methods-block\" class=\"wp-block-woocommerce-cart-accepted-payment-methods-block\"><\/div><\/div><\/div>\n\n<div data-block-name=\"woocommerce\/empty-cart-block\" class=\"wp-block-woocommerce-empty-cart-block\"><h2 class=\"wp-block-heading has-text-align-center with-empty-cart-icon wc-block-cart__empty-cart__title\">Your cart is currently empty!<\/h2>\n\n<hr class=\"wp-block-separator has-alpha-channel-opacity is-style-dots\"\/>\n\n<h2 class=\"wp-block-heading has-text-align-center\">New in store<\/h2>\n\n<div data-block-name=\"woocommerce\/product-new\" data-columns=\"4\" data-rows=\"1\" class=\"wc-block-grid wp-block-product-new wc-block-product-new has-4-columns\"><ul class=\"wc-block-grid__products\"><li class=\"wc-block-grid__product\">\n\t\t\t\t<a href=\"https:\/\/purificadoresdeaguacostarica.ozonofiltroscostarica.com\/index.php\/product\/suavizador-de-agua-costa-rica\/\" class=\"wc-block-grid__product-link\">\n\t\t\t\t\t\n\t\t\t\t\t<div class=\"wc-block-grid__product-image\"><img loading=\"lazy\" decoding=\"async\" width=\"324\" height=\"324\" data-src=\"https:\/\/purificadoresdeaguacostarica.ozonofiltroscostarica.com\/wp-content\/uploads\/2024\/01\/suavizador01-324x324.jpg\" class=\"attachment-woocommerce_thumbnail size-woocommerce_thumbnail lazyload\" alt=\"suavizador de agua costa rica\" data-srcset=\"https:\/\/purificadoresdeaguacostarica.ozonofiltroscostarica.com\/wp-content\/uploads\/2024\/01\/suavizador01-324x324.jpg 324w, https:\/\/purificadoresdeaguacostarica.ozonofiltroscostarica.com\/wp-content\/uploads\/2024\/01\/suavizador01-150x150.jpg 150w, https:\/\/purificadoresdeaguacostarica.ozonofiltroscostarica.com\/wp-content\/uploads\/2024\/01\/suavizador01-100x100.jpg 100w\" data-sizes=\"auto, (max-width: 324px) 100vw, 324px\" src=\"data:image\/gif;base64,R0lGODlhAQABAAAAACH5BAEKAAEALAAAAAABAAEAAAICTAEAOw==\" style=\"--smush-placeholder-width: 324px; --smush-placeholder-aspect-ratio: 324\/324;\" \/><noscript><img loading=\"lazy\" decoding=\"async\" width=\"324\" height=\"324\" src=\"https:\/\/purificadoresdeaguacostarica.ozonofiltroscostarica.com\/wp-content\/uploads\/2024\/01\/suavizador01-324x324.jpg\" class=\"attachment-woocommerce_thumbnail size-woocommerce_thumbnail\" alt=\"suavizador de agua costa rica\" srcset=\"https:\/\/purificadoresdeaguacostarica.ozonofiltroscostarica.com\/wp-content\/uploads\/2024\/01\/suavizador01-324x324.jpg 324w, https:\/\/purificadoresdeaguacostarica.ozonofiltroscostarica.com\/wp-content\/uploads\/2024\/01\/suavizador01-150x150.jpg 150w, https:\/\/purificadoresdeaguacostarica.ozonofiltroscostarica.com\/wp-content\/uploads\/2024\/01\/suavizador01-100x100.jpg 100w\" sizes=\"auto, (max-width: 324px) 100vw, 324px\" \/><\/noscript><\/div>\n\t\t\t\t\t<div class=\"wc-block-grid__product-title\">Suavizador de Agua Costa Rica<\/div>\n\t\t\t\t<\/a>\n\t\t\t\t<div class=\"wc-block-grid__product-price price\"><span class=\"woocommerce-Price-amount amount\"><span class=\"woocommerce-Price-currencySymbol\">&#036;<\/span>1463<\/span><\/div>\n\t\t\t\t\n\t\t\t\t<div class=\"wp-block-button wc-block-grid__product-add-to-cart\"><a href=\"?add-to-cart=304\" aria-label=\"A\u00f1adir al carrito: &ldquo;Suavizador de Agua Costa Rica&rdquo;\" data-quantity=\"1\" data-product_id=\"304\" data-product_sku=\"\" data-price=\"1462.55\" rel=\"nofollow\" class=\"wp-block-button__link  add_to_cart_button ajax_add_to_cart\">A\u00f1adir al carrito<\/a><\/div>\n\t\t\t<\/li><li class=\"wc-block-grid__product\">\n\t\t\t\t<a href=\"https:\/\/purificadoresdeaguacostarica.ozonofiltroscostarica.com\/index.php\/product\/purificador-de-agua-dulton-costa-rica\/\" class=\"wc-block-grid__product-link\">\n\t\t\t\t\t\n\t\t\t\t\t<div class=\"wc-block-grid__product-image\"><img loading=\"lazy\" decoding=\"async\" width=\"324\" height=\"324\" data-src=\"https:\/\/purificadoresdeaguacostarica.ozonofiltroscostarica.com\/wp-content\/uploads\/2023\/12\/dulton2-324x324.jpeg\" class=\"attachment-woocommerce_thumbnail size-woocommerce_thumbnail lazyload\" alt=\"Purificador de agua Dulton Costa Rica\" data-srcset=\"https:\/\/purificadoresdeaguacostarica.ozonofiltroscostarica.com\/wp-content\/uploads\/2023\/12\/dulton2-324x324.jpeg 324w, https:\/\/purificadoresdeaguacostarica.ozonofiltroscostarica.com\/wp-content\/uploads\/2023\/12\/dulton2-150x150.jpeg 150w, https:\/\/purificadoresdeaguacostarica.ozonofiltroscostarica.com\/wp-content\/uploads\/2023\/12\/dulton2-100x100.jpeg 100w\" data-sizes=\"auto, (max-width: 324px) 100vw, 324px\" src=\"data:image\/gif;base64,R0lGODlhAQABAAAAACH5BAEKAAEALAAAAAABAAEAAAICTAEAOw==\" style=\"--smush-placeholder-width: 324px; --smush-placeholder-aspect-ratio: 324\/324;\" \/><noscript><img loading=\"lazy\" decoding=\"async\" width=\"324\" height=\"324\" src=\"https:\/\/purificadoresdeaguacostarica.ozonofiltroscostarica.com\/wp-content\/uploads\/2023\/12\/dulton2-324x324.jpeg\" class=\"attachment-woocommerce_thumbnail size-woocommerce_thumbnail\" alt=\"Purificador de agua Dulton Costa Rica\" srcset=\"https:\/\/purificadoresdeaguacostarica.ozonofiltroscostarica.com\/wp-content\/uploads\/2023\/12\/dulton2-324x324.jpeg 324w, https:\/\/purificadoresdeaguacostarica.ozonofiltroscostarica.com\/wp-content\/uploads\/2023\/12\/dulton2-150x150.jpeg 150w, https:\/\/purificadoresdeaguacostarica.ozonofiltroscostarica.com\/wp-content\/uploads\/2023\/12\/dulton2-100x100.jpeg 100w\" sizes=\"auto, (max-width: 324px) 100vw, 324px\" \/><\/noscript><\/div>\n\t\t\t\t\t<div class=\"wc-block-grid__product-title\">Purificador de Agua Dulton Costa Rica<\/div>\n\t\t\t\t<\/a>\n\t\t\t\t<div class=\"wc-block-grid__product-price price\"><span class=\"woocommerce-Price-amount amount\"><span class=\"woocommerce-Price-currencySymbol\">&#036;<\/span>340<\/span><\/div>\n\t\t\t\t\n\t\t\t\t<div class=\"wp-block-button wc-block-grid__product-add-to-cart\"><a href=\"?add-to-cart=258\" aria-label=\"A\u00f1adir al carrito: &ldquo;Purificador de Agua Dulton Costa Rica&rdquo;\" data-quantity=\"1\" data-product_id=\"258\" data-product_sku=\"\" data-price=\"340.28\" rel=\"nofollow\" class=\"wp-block-button__link  add_to_cart_button ajax_add_to_cart\">A\u00f1adir al carrito<\/a><\/div>\n\t\t\t<\/li><li class=\"wc-block-grid__product\">\n\t\t\t\t<a href=\"https:\/\/purificadoresdeaguacostarica.ozonofiltroscostarica.com\/index.php\/product\/purificador-de-agua-triplex-costa-rica\/\" class=\"wc-block-grid__product-link\">\n\t\t\t\t\t\n\t\t\t\t\t<div class=\"wc-block-grid__product-image\"><img loading=\"lazy\" decoding=\"async\" width=\"324\" height=\"289\" data-src=\"https:\/\/purificadoresdeaguacostarica.ozonofiltroscostarica.com\/wp-content\/uploads\/2023\/12\/sistema-triplex-324x289.png\" class=\"attachment-woocommerce_thumbnail size-woocommerce_thumbnail lazyload\" alt=\"Purificador de Agua TRIPLEX Costa Rica\" src=\"data:image\/gif;base64,R0lGODlhAQABAAAAACH5BAEKAAEALAAAAAABAAEAAAICTAEAOw==\" style=\"--smush-placeholder-width: 324px; --smush-placeholder-aspect-ratio: 324\/289;\" \/><noscript><img loading=\"lazy\" decoding=\"async\" width=\"324\" height=\"289\" src=\"https:\/\/purificadoresdeaguacostarica.ozonofiltroscostarica.com\/wp-content\/uploads\/2023\/12\/sistema-triplex-324x289.png\" class=\"attachment-woocommerce_thumbnail size-woocommerce_thumbnail\" alt=\"Purificador de Agua TRIPLEX Costa Rica\" \/><\/noscript><\/div>\n\t\t\t\t\t<div class=\"wc-block-grid__product-title\">Purificador de Agua TRIPLEX Costa Rica<\/div>\n\t\t\t\t<\/a>\n\t\t\t\t<div class=\"wc-block-grid__product-price price\"><span class=\"woocommerce-Price-amount amount\"><span class=\"woocommerce-Price-currencySymbol\">&#036;<\/span>340<\/span><\/div>\n\t\t\t\t\n\t\t\t\t<div class=\"wp-block-button wc-block-grid__product-add-to-cart\"><a href=\"?add-to-cart=211\" aria-label=\"A\u00f1adir al carrito: &ldquo;Purificador de Agua TRIPLEX Costa Rica&rdquo;\" data-quantity=\"1\" data-product_id=\"211\" data-product_sku=\"\" data-price=\"340.28\" rel=\"nofollow\" class=\"wp-block-button__link  add_to_cart_button ajax_add_to_cart\">A\u00f1adir al carrito<\/a><\/div>\n\t\t\t<\/li><li class=\"wc-block-grid__product\">\n\t\t\t\t<a href=\"https:\/\/purificadoresdeaguacostarica.ozonofiltroscostarica.com\/index.php\/product\/essential\/\" class=\"wc-block-grid__product-link\">\n\t\t\t\t\t\n\t\t\t\t\t<div class=\"wc-block-grid__product-image\"><img loading=\"lazy\" decoding=\"async\" width=\"324\" height=\"315\" data-src=\"https:\/\/purificadoresdeaguacostarica.ozonofiltroscostarica.com\/wp-content\/uploads\/2023\/12\/essentialfoto-324x315.jpg\" class=\"attachment-woocommerce_thumbnail size-woocommerce_thumbnail lazyload\" alt=\"essentialf\" src=\"data:image\/gif;base64,R0lGODlhAQABAAAAACH5BAEKAAEALAAAAAABAAEAAAICTAEAOw==\" style=\"--smush-placeholder-width: 324px; --smush-placeholder-aspect-ratio: 324\/315;\" \/><noscript><img loading=\"lazy\" decoding=\"async\" width=\"324\" height=\"315\" src=\"https:\/\/purificadoresdeaguacostarica.ozonofiltroscostarica.com\/wp-content\/uploads\/2023\/12\/essentialfoto-324x315.jpg\" class=\"attachment-woocommerce_thumbnail size-woocommerce_thumbnail\" alt=\"essentialf\" \/><\/noscript><\/div>\n\t\t\t\t\t<div class=\"wc-block-grid__product-title\">Essential<\/div>\n\t\t\t\t<\/a>\n\t\t\t\t<div class=\"wc-block-grid__product-price price\"><span class=\"woocommerce-Price-amount amount\"><span class=\"woocommerce-Price-currencySymbol\">&#036;<\/span>340<\/span><\/div>\n\t\t\t\t\n\t\t\t\t<div class=\"wp-block-button wc-block-grid__product-add-to-cart\"><a href=\"?add-to-cart=165\" aria-label=\"A\u00f1adir al carrito: &ldquo;Essential&rdquo;\" data-quantity=\"1\" data-product_id=\"165\" data-product_sku=\"\" data-price=\"340.28\" rel=\"nofollow\" class=\"wp-block-button__link  add_to_cart_button ajax_add_to_cart\">A\u00f1adir al carrito<\/a><\/div>\n\t\t\t<\/li><\/ul><\/div><\/div><\/div>","protected":false},"excerpt":{"rendered":"","protected":false},"author":1,"featured_media":0,"parent":0,"menu_order":0,"comment_status":"closed","ping_status":"closed","template":"","meta":{"footnotes":""},"class_list":["post-7","page","type-page","status-publish","hentry"],"yoast_head":"<!-- This site is optimized with the Yoast SEO plugin v23.8 - https:\/\/yoast.com\/wordpress\/plugins\/seo\/ -->\n<title>Cart - Purificadores de Agua Costa Rica Purificadores de Agua Costa Rica<\/title>\n<meta name=\"description\" content=\"You may be interested in\u2026                            Your cart is currently empty!    New in store Descubre la pureza del agua con nuestros purificadores de agua en Costa Rica. Enfrenta los desaf\u00edos de la calidad del agua con soluciones innovadoras y eficientes que garantizan la eliminaci\u00f3n de impurezas y contaminantes. Nuestros purificadores est\u00e1n dise\u00f1ados para adaptarse a las necesidades espec\u00edficas del agua en Costa Rica, brindando no solo un suministro seguro y saludable, sino tambi\u00e9n una tranquilidad inigualable. Explora nuestra gama de productos, desde sistemas de filtraci\u00f3n avanzados hasta purificadores de \u00faltima generaci\u00f3n, y transforma la calidad de tu agua hoy. Protege a tu familia y disfruta de agua limpia y cristalina con nuestros purificadores, l\u00edderes en tecnolog\u00eda y calidad en Costa Rica.\" \/>\n<meta name=\"robots\" content=\"index, follow, max-snippet:-1, max-image-preview:large, max-video-preview:-1\" \/>\n<link rel=\"canonical\" href=\"https:\/\/purificadoresdeaguacostarica.ozonofiltroscostarica.com\/index.php\/cart\/\" \/>\n<meta property=\"og:locale\" content=\"es_ES\" \/>\n<meta property=\"og:type\" content=\"article\" \/>\n<meta property=\"og:title\" content=\"Cart - Purificadores de Agua Costa Rica Purificadores de Agua Costa Rica\" \/>\n<meta property=\"og:description\" content=\"You may be interested in\u2026                            Your cart is currently empty!    New in store Descubre la pureza del agua con nuestros purificadores de agua en Costa Rica. Enfrenta los desaf\u00edos de la calidad del agua con soluciones innovadoras y eficientes que garantizan la eliminaci\u00f3n de impurezas y contaminantes. Nuestros purificadores est\u00e1n dise\u00f1ados para adaptarse a las necesidades espec\u00edficas del agua en Costa Rica, brindando no solo un suministro seguro y saludable, sino tambi\u00e9n una tranquilidad inigualable. Explora nuestra gama de productos, desde sistemas de filtraci\u00f3n avanzados hasta purificadores de \u00faltima generaci\u00f3n, y transforma la calidad de tu agua hoy. Protege a tu familia y disfruta de agua limpia y cristalina con nuestros purificadores, l\u00edderes en tecnolog\u00eda y calidad en Costa Rica.\" \/>\n<meta property=\"og:url\" content=\"https:\/\/purificadoresdeaguacostarica.ozonofiltroscostarica.com\/index.php\/cart\/\" \/>\n<meta property=\"og:site_name\" content=\"Purificadores de Agua Costa Rica\" \/>\n<meta name=\"twitter:card\" content=\"summary_large_image\" \/>\n<script type=\"application\/ld+json\" class=\"yoast-schema-graph\">{\"@context\":\"https:\/\/schema.org\",\"@graph\":[{\"@type\":\"WebPage\",\"@id\":\"https:\/\/purificadoresdeaguacostarica.ozonofiltroscostarica.com\/index.php\/cart\/\",\"url\":\"https:\/\/purificadoresdeaguacostarica.ozonofiltroscostarica.com\/index.php\/cart\/\",\"name\":\"Cart - Purificadores de Agua Costa Rica Purificadores de Agua Costa Rica\",\"isPartOf\":{\"@id\":\"https:\/\/purificadoresdeaguacostarica.ozonofiltroscostarica.com\/#website\"},\"datePublished\":\"2023-12-04T06:42:58+00:00\",\"dateModified\":\"2023-12-04T06:42:58+00:00\",\"description\":\"You may be interested in\u2026 Your cart is currently empty! New in store Descubre la pureza del agua con nuestros purificadores de agua en Costa Rica. Enfrenta los desaf\u00edos de la calidad del agua con soluciones innovadoras y eficientes que garantizan la eliminaci\u00f3n de impurezas y contaminantes. Nuestros purificadores est\u00e1n dise\u00f1ados para adaptarse a las necesidades espec\u00edficas del agua en Costa Rica, brindando no solo un suministro seguro y saludable, sino tambi\u00e9n una tranquilidad inigualable. Explora nuestra gama de productos, desde sistemas de filtraci\u00f3n avanzados hasta purificadores de \u00faltima generaci\u00f3n, y transforma la calidad de tu agua hoy. Protege a tu familia y disfruta de agua limpia y cristalina con nuestros purificadores, l\u00edderes en tecnolog\u00eda y calidad en Costa Rica.\",\"breadcrumb\":{\"@id\":\"https:\/\/purificadoresdeaguacostarica.ozonofiltroscostarica.com\/index.php\/cart\/#breadcrumb\"},\"inLanguage\":\"es\",\"potentialAction\":[{\"@type\":\"ReadAction\",\"target\":[\"https:\/\/purificadoresdeaguacostarica.ozonofiltroscostarica.com\/index.php\/cart\/\"]}]},{\"@type\":\"BreadcrumbList\",\"@id\":\"https:\/\/purificadoresdeaguacostarica.ozonofiltroscostarica.com\/index.php\/cart\/#breadcrumb\",\"itemListElement\":[{\"@type\":\"ListItem\",\"position\":1,\"name\":\"Portada\",\"item\":\"https:\/\/purificadoresdeaguacostarica.ozonofiltroscostarica.com\/\"},{\"@type\":\"ListItem\",\"position\":2,\"name\":\"Cart\"}]},{\"@type\":\"WebSite\",\"@id\":\"https:\/\/purificadoresdeaguacostarica.ozonofiltroscostarica.com\/#website\",\"url\":\"https:\/\/purificadoresdeaguacostarica.ozonofiltroscostarica.com\/\",\"name\":\"purificadores de agua costa rica\",\"description\":\"Descubre la pureza del agua con nuestros purificadores de agua en Costa Rica. Enfrenta los desaf\u00edos de la calidad del agua con soluciones innovadoras y eficientes que garantizan la eliminaci\u00f3n de impurezas y contaminantes.\",\"alternateName\":\"purificadores de agua costa rica\",\"potentialAction\":[{\"@type\":\"SearchAction\",\"target\":{\"@type\":\"EntryPoint\",\"urlTemplate\":\"https:\/\/purificadoresdeaguacostarica.ozonofiltroscostarica.com\/?s={search_term_string}\"},\"query-input\":{\"@type\":\"PropertyValueSpecification\",\"valueRequired\":true,\"valueName\":\"search_term_string\"}}],\"inLanguage\":\"es\"}]}<\/script>\n<!-- \/ Yoast SEO plugin. -->","yoast_head_json":{"title":"Cart - Purificadores de Agua Costa Rica Purificadores de Agua Costa Rica","description":"You may be interested in\u2026                            Your cart is currently empty!    New in store Descubre la pureza del agua con nuestros purificadores de agua en Costa Rica. Enfrenta los desaf\u00edos de la calidad del agua con soluciones innovadoras y eficientes que garantizan la eliminaci\u00f3n de impurezas y contaminantes. Nuestros purificadores est\u00e1n dise\u00f1ados para adaptarse a las necesidades espec\u00edficas del agua en Costa Rica, brindando no solo un suministro seguro y saludable, sino tambi\u00e9n una tranquilidad inigualable. Explora nuestra gama de productos, desde sistemas de filtraci\u00f3n avanzados hasta purificadores de \u00faltima generaci\u00f3n, y transforma la calidad de tu agua hoy. Protege a tu familia y disfruta de agua limpia y cristalina con nuestros purificadores, l\u00edderes en tecnolog\u00eda y calidad en Costa Rica.","robots":{"index":"index","follow":"follow","max-snippet":"max-snippet:-1","max-image-preview":"max-image-preview:large","max-video-preview":"max-video-preview:-1"},"canonical":"https:\/\/purificadoresdeaguacostarica.ozonofiltroscostarica.com\/index.php\/cart\/","og_locale":"es_ES","og_type":"article","og_title":"Cart - Purificadores de Agua Costa Rica Purificadores de Agua Costa Rica","og_description":"You may be interested in\u2026                            Your cart is currently empty!    New in store Descubre la pureza del agua con nuestros purificadores de agua en Costa Rica. Enfrenta los desaf\u00edos de la calidad del agua con soluciones innovadoras y eficientes que garantizan la eliminaci\u00f3n de impurezas y contaminantes. Nuestros purificadores est\u00e1n dise\u00f1ados para adaptarse a las necesidades espec\u00edficas del agua en Costa Rica, brindando no solo un suministro seguro y saludable, sino tambi\u00e9n una tranquilidad inigualable. Explora nuestra gama de productos, desde sistemas de filtraci\u00f3n avanzados hasta purificadores de \u00faltima generaci\u00f3n, y transforma la calidad de tu agua hoy. Protege a tu familia y disfruta de agua limpia y cristalina con nuestros purificadores, l\u00edderes en tecnolog\u00eda y calidad en Costa Rica.","og_url":"https:\/\/purificadoresdeaguacostarica.ozonofiltroscostarica.com\/index.php\/cart\/","og_site_name":"Purificadores de Agua Costa Rica","twitter_card":"summary_large_image","schema":{"@context":"https:\/\/schema.org","@graph":[{"@type":"WebPage","@id":"https:\/\/purificadoresdeaguacostarica.ozonofiltroscostarica.com\/index.php\/cart\/","url":"https:\/\/purificadoresdeaguacostarica.ozonofiltroscostarica.com\/index.php\/cart\/","name":"Cart - Purificadores de Agua Costa Rica Purificadores de Agua Costa Rica","isPartOf":{"@id":"https:\/\/purificadoresdeaguacostarica.ozonofiltroscostarica.com\/#website"},"datePublished":"2023-12-04T06:42:58+00:00","dateModified":"2023-12-04T06:42:58+00:00","description":"You may be interested in\u2026 Your cart is currently empty! New in store Descubre la pureza del agua con nuestros purificadores de agua en Costa Rica. Enfrenta los desaf\u00edos de la calidad del agua con soluciones innovadoras y eficientes que garantizan la eliminaci\u00f3n de impurezas y contaminantes. Nuestros purificadores est\u00e1n dise\u00f1ados para adaptarse a las necesidades espec\u00edficas del agua en Costa Rica, brindando no solo un suministro seguro y saludable, sino tambi\u00e9n una tranquilidad inigualable. Explora nuestra gama de productos, desde sistemas de filtraci\u00f3n avanzados hasta purificadores de \u00faltima generaci\u00f3n, y transforma la calidad de tu agua hoy. Protege a tu familia y disfruta de agua limpia y cristalina con nuestros purificadores, l\u00edderes en tecnolog\u00eda y calidad en Costa Rica.","breadcrumb":{"@id":"https:\/\/purificadoresdeaguacostarica.ozonofiltroscostarica.com\/index.php\/cart\/#breadcrumb"},"inLanguage":"es","potentialAction":[{"@type":"ReadAction","target":["https:\/\/purificadoresdeaguacostarica.ozonofiltroscostarica.com\/index.php\/cart\/"]}]},{"@type":"BreadcrumbList","@id":"https:\/\/purificadoresdeaguacostarica.ozonofiltroscostarica.com\/index.php\/cart\/#breadcrumb","itemListElement":[{"@type":"ListItem","position":1,"name":"Portada","item":"https:\/\/purificadoresdeaguacostarica.ozonofiltroscostarica.com\/"},{"@type":"ListItem","position":2,"name":"Cart"}]},{"@type":"WebSite","@id":"https:\/\/purificadoresdeaguacostarica.ozonofiltroscostarica.com\/#website","url":"https:\/\/purificadoresdeaguacostarica.ozonofiltroscostarica.com\/","name":"purificadores de agua costa rica","description":"Descubre la pureza del agua con nuestros purificadores de agua en Costa Rica. Enfrenta los desaf\u00edos de la calidad del agua con soluciones innovadoras y eficientes que garantizan la eliminaci\u00f3n de impurezas y contaminantes.","alternateName":"purificadores de agua costa rica","potentialAction":[{"@type":"SearchAction","target":{"@type":"EntryPoint","urlTemplate":"https:\/\/purificadoresdeaguacostarica.ozonofiltroscostarica.com\/?s={search_term_string}"},"query-input":{"@type":"PropertyValueSpecification","valueRequired":true,"valueName":"search_term_string"}}],"inLanguage":"es"}]}},"_links":{"self":[{"href":"https:\/\/purificadoresdeaguacostarica.ozonofiltroscostarica.com\/index.php\/wp-json\/wp\/v2\/pages\/7","targetHints":{"allow":["GET"]}}],"collection":[{"href":"https:\/\/purificadoresdeaguacostarica.ozonofiltroscostarica.com\/index.php\/wp-json\/wp\/v2\/pages"}],"about":[{"href":"https:\/\/purificadoresdeaguacostarica.ozonofiltroscostarica.com\/index.php\/wp-json\/wp\/v2\/types\/page"}],"author":[{"embeddable":true,"href":"https:\/\/purificadoresdeaguacostarica.ozonofiltroscostarica.com\/index.php\/wp-json\/wp\/v2\/users\/1"}],"replies":[{"embeddable":true,"href":"https:\/\/purificadoresdeaguacostarica.ozonofiltroscostarica.com\/index.php\/wp-json\/wp\/v2\/comments?post=7"}],"version-history":[{"count":0,"href":"https:\/\/purificadoresdeaguacostarica.ozonofiltroscostarica.com\/index.php\/wp-json\/wp\/v2\/pages\/7\/revisions"}],"wp:attachment":[{"href":"https:\/\/purificadoresdeaguacostarica.ozonofiltroscostarica.com\/index.php\/wp-json\/wp\/v2\/media?parent=7"}],"curies":[{"name":"wp","href":"https:\/\/api.w.org\/{rel}","templated":true}]}}