{"id":304,"date":"2024-01-05T01:10:55","date_gmt":"2024-01-05T00:10:55","guid":{"rendered":"https:\/\/purificadoresdeaguacostarica.ozonofiltroscostarica.com\/?post_type=product&#038;p=304"},"modified":"2024-08-13T04:44:26","modified_gmt":"2024-08-13T02:44:26","slug":"suavizador-de-agua-costa-rica","status":"publish","type":"product","link":"https:\/\/purificadoresdeaguacostarica.ozonofiltroscostarica.com\/index.php\/product\/suavizador-de-agua-costa-rica\/","title":{"rendered":"Suavizador de Agua Costa Rica"},"content":{"rendered":"<p><strong>Especificaciones t\u00e9cnicas:<\/strong><\/p>\n<ul>\n<li>Tama\u00f1o de Tanque: 10&#215;35 Tanque Pentair(Estructural) en fibra de vidrio.<\/li>\n<li>Capacidad por tanque 1ft3<\/li>\n<li>Conexi\u00f3n de entrada y salida de cada v\u00e1lvula: 1\u201d(macho roscado)<\/li>\n<li>Flujo de servicio normal: 4-6 GPM<\/li>\n<li>Flujo de servicio Pico: 8 GPM<\/li>\n<\/ul>\n<p><strong>Beneficios<\/strong><\/p>\n<ul>\n<li>Tuber\u00edas limpias<\/li>\n<li>Alarga la vida de herrajes y llaves<\/li>\n<li>Protege de incrustaciones a calentadores de agua haci\u00e9ndolos m\u00e1s eficientes<\/li>\n<li>Disminuye el gasto en consumo de jab\u00f3n<\/li>\n<\/ul>\n<p>Transforma tu agua del grifo en una experiencia de calidad con nuestro Suavizador de Agua de \u00daltima Generaci\u00f3n. \u00a1Compra ahora y descubre los beneficios de un hogar con agua suave!<\/p>\n","protected":false},"excerpt":{"rendered":"<p>Descubre la revoluci\u00f3n en el cuidado del agua con nuestro Suavizador de Agua de \u00daltima Generaci\u00f3n. Dise\u00f1ado para elevar la calidad de tu agua y mejorar tu estilo de vida, este innovador dispositivo se integra perfectamente en tu hogar a trav\u00e9s de nuestro sistema de instalaci\u00f3n sencillo.<\/p>\n","protected":false},"featured_media":305,"comment_status":"open","ping_status":"closed","template":"","meta":[],"product_cat":[21,27],"product_tag":[],"class_list":{"0":"post-304","1":"product","2":"type-product","3":"status-publish","4":"has-post-thumbnail","6":"product_cat-purificadores-de-agua-costa-rica","7":"product_cat-suavizador-de-agua-costa-rica","9":"first","10":"instock","11":"shipping-taxable","12":"purchasable","13":"product-type-simple"},"yoast_head":"<!-- This site is optimized with the Yoast SEO plugin v23.8 - https:\/\/yoast.com\/wordpress\/plugins\/seo\/ -->\n<title>Suavizador de Agua<\/title>\n<meta name=\"description\" content=\"Descubre la revoluci\u00f3n en el cuidado del agua con nuestro Suavizador de Agua de \u00daltima Generaci\u00f3n. Dise\u00f1ado para elevar la calidad de tu agua y mejorar...\" \/>\n<meta name=\"robots\" content=\"index, follow, max-snippet:-1, max-image-preview:large, max-video-preview:-1\" \/>\n<link rel=\"canonical\" href=\"https:\/\/purificadoresdeaguacostarica.ozonofiltroscostarica.com\/index.php\/product\/suavizador-de-agua-costa-rica\/\" \/>\n<meta property=\"og:locale\" content=\"es_ES\" \/>\n<meta property=\"og:type\" content=\"article\" \/>\n<meta property=\"og:title\" content=\"Suavizador de Agua\" \/>\n<meta property=\"og:description\" content=\"Descubre la revoluci\u00f3n en el cuidado del agua con nuestro Suavizador de Agua de \u00daltima Generaci\u00f3n. Dise\u00f1ado para elevar la calidad de tu agua y mejorar...\" \/>\n<meta property=\"og:url\" content=\"https:\/\/purificadoresdeaguacostarica.ozonofiltroscostarica.com\/index.php\/product\/suavizador-de-agua-costa-rica\/\" \/>\n<meta property=\"og:site_name\" content=\"Purificadores de Agua Costa Rica\" \/>\n<meta property=\"article:modified_time\" content=\"2024-08-13T02:44:26+00:00\" \/>\n<meta property=\"og:image\" content=\"https:\/\/purificadoresdeaguacostarica.ozonofiltroscostarica.com\/wp-content\/uploads\/2024\/01\/suavizador01.jpg\" \/>\n\t<meta property=\"og:image:width\" content=\"720\" \/>\n\t<meta property=\"og:image:height\" content=\"857\" \/>\n\t<meta property=\"og:image:type\" content=\"image\/jpeg\" \/>\n<meta name=\"twitter:card\" content=\"summary_large_image\" \/>\n<meta name=\"twitter:label1\" content=\"Tiempo de lectura\" \/>\n\t<meta name=\"twitter:data1\" content=\"1 minuto\" \/>\n<script type=\"application\/ld+json\" class=\"yoast-schema-graph\">{\"@context\":\"https:\/\/schema.org\",\"@graph\":[{\"@type\":\"WebPage\",\"@id\":\"https:\/\/purificadoresdeaguacostarica.ozonofiltroscostarica.com\/index.php\/product\/suavizador-de-agua-costa-rica\/\",\"url\":\"https:\/\/purificadoresdeaguacostarica.ozonofiltroscostarica.com\/index.php\/product\/suavizador-de-agua-costa-rica\/\",\"name\":\"Suavizador de Agua\",\"isPartOf\":{\"@id\":\"https:\/\/purificadoresdeaguacostarica.ozonofiltroscostarica.com\/#website\"},\"primaryImageOfPage\":{\"@id\":\"https:\/\/purificadoresdeaguacostarica.ozonofiltroscostarica.com\/index.php\/product\/suavizador-de-agua-costa-rica\/#primaryimage\"},\"image\":{\"@id\":\"https:\/\/purificadoresdeaguacostarica.ozonofiltroscostarica.com\/index.php\/product\/suavizador-de-agua-costa-rica\/#primaryimage\"},\"thumbnailUrl\":\"https:\/\/purificadoresdeaguacostarica.ozonofiltroscostarica.com\/wp-content\/uploads\/2024\/01\/suavizador01.jpg\",\"datePublished\":\"2024-01-05T00:10:55+00:00\",\"dateModified\":\"2024-08-13T02:44:26+00:00\",\"description\":\"Descubre la revoluci\u00f3n en el cuidado del agua con nuestro Suavizador de Agua de \u00daltima Generaci\u00f3n. Dise\u00f1ado para elevar la calidad de tu agua y mejorar...\",\"breadcrumb\":{\"@id\":\"https:\/\/purificadoresdeaguacostarica.ozonofiltroscostarica.com\/index.php\/product\/suavizador-de-agua-costa-rica\/#breadcrumb\"},\"inLanguage\":\"es\",\"potentialAction\":[{\"@type\":\"ReadAction\",\"target\":[\"https:\/\/purificadoresdeaguacostarica.ozonofiltroscostarica.com\/index.php\/product\/suavizador-de-agua-costa-rica\/\"]}]},{\"@type\":\"ImageObject\",\"inLanguage\":\"es\",\"@id\":\"https:\/\/purificadoresdeaguacostarica.ozonofiltroscostarica.com\/index.php\/product\/suavizador-de-agua-costa-rica\/#primaryimage\",\"url\":\"https:\/\/purificadoresdeaguacostarica.ozonofiltroscostarica.com\/wp-content\/uploads\/2024\/01\/suavizador01.jpg\",\"contentUrl\":\"https:\/\/purificadoresdeaguacostarica.ozonofiltroscostarica.com\/wp-content\/uploads\/2024\/01\/suavizador01.jpg\",\"width\":720,\"height\":857,\"caption\":\"suavizador de agua costa rica\"},{\"@type\":\"BreadcrumbList\",\"@id\":\"https:\/\/purificadoresdeaguacostarica.ozonofiltroscostarica.com\/index.php\/product\/suavizador-de-agua-costa-rica\/#breadcrumb\",\"itemListElement\":[{\"@type\":\"ListItem\",\"position\":1,\"name\":\"Portada\",\"item\":\"https:\/\/purificadoresdeaguacostarica.ozonofiltroscostarica.com\/\"},{\"@type\":\"ListItem\",\"position\":2,\"name\":\"Shop\",\"item\":\"https:\/\/purificadoresdeaguacostarica.ozonofiltroscostarica.com\/index.php\/shop\/\"},{\"@type\":\"ListItem\",\"position\":3,\"name\":\"Suavizador de Agua Costa Rica\"}]},{\"@type\":\"WebSite\",\"@id\":\"https:\/\/purificadoresdeaguacostarica.ozonofiltroscostarica.com\/#website\",\"url\":\"https:\/\/purificadoresdeaguacostarica.ozonofiltroscostarica.com\/\",\"name\":\"purificadores de agua costa rica\",\"description\":\"Descubre la pureza del agua con nuestros purificadores de agua en Costa Rica. Enfrenta los desaf\u00edos de la calidad del agua con soluciones innovadoras y eficientes que garantizan la eliminaci\u00f3n de impurezas y contaminantes.\",\"alternateName\":\"purificadores de agua costa rica\",\"potentialAction\":[{\"@type\":\"SearchAction\",\"target\":{\"@type\":\"EntryPoint\",\"urlTemplate\":\"https:\/\/purificadoresdeaguacostarica.ozonofiltroscostarica.com\/?s={search_term_string}\"},\"query-input\":{\"@type\":\"PropertyValueSpecification\",\"valueRequired\":true,\"valueName\":\"search_term_string\"}}],\"inLanguage\":\"es\"}]}<\/script>\n<!-- \/ Yoast SEO plugin. -->","yoast_head_json":{"title":"Suavizador de Agua","description":"Descubre la revoluci\u00f3n en el cuidado del agua con nuestro Suavizador de Agua de \u00daltima Generaci\u00f3n. Dise\u00f1ado para elevar la calidad de tu agua y mejorar...","robots":{"index":"index","follow":"follow","max-snippet":"max-snippet:-1","max-image-preview":"max-image-preview:large","max-video-preview":"max-video-preview:-1"},"canonical":"https:\/\/purificadoresdeaguacostarica.ozonofiltroscostarica.com\/index.php\/product\/suavizador-de-agua-costa-rica\/","og_locale":"es_ES","og_type":"article","og_title":"Suavizador de Agua","og_description":"Descubre la revoluci\u00f3n en el cuidado del agua con nuestro Suavizador de Agua de \u00daltima Generaci\u00f3n. Dise\u00f1ado para elevar la calidad de tu agua y mejorar...","og_url":"https:\/\/purificadoresdeaguacostarica.ozonofiltroscostarica.com\/index.php\/product\/suavizador-de-agua-costa-rica\/","og_site_name":"Purificadores de Agua Costa Rica","article_modified_time":"2024-08-13T02:44:26+00:00","og_image":[{"width":720,"height":857,"url":"https:\/\/purificadoresdeaguacostarica.ozonofiltroscostarica.com\/wp-content\/uploads\/2024\/01\/suavizador01.jpg","type":"image\/jpeg"}],"twitter_card":"summary_large_image","twitter_misc":{"Tiempo de lectura":"1 minuto"},"schema":{"@context":"https:\/\/schema.org","@graph":[{"@type":"WebPage","@id":"https:\/\/purificadoresdeaguacostarica.ozonofiltroscostarica.com\/index.php\/product\/suavizador-de-agua-costa-rica\/","url":"https:\/\/purificadoresdeaguacostarica.ozonofiltroscostarica.com\/index.php\/product\/suavizador-de-agua-costa-rica\/","name":"Suavizador de Agua","isPartOf":{"@id":"https:\/\/purificadoresdeaguacostarica.ozonofiltroscostarica.com\/#website"},"primaryImageOfPage":{"@id":"https:\/\/purificadoresdeaguacostarica.ozonofiltroscostarica.com\/index.php\/product\/suavizador-de-agua-costa-rica\/#primaryimage"},"image":{"@id":"https:\/\/purificadoresdeaguacostarica.ozonofiltroscostarica.com\/index.php\/product\/suavizador-de-agua-costa-rica\/#primaryimage"},"thumbnailUrl":"https:\/\/purificadoresdeaguacostarica.ozonofiltroscostarica.com\/wp-content\/uploads\/2024\/01\/suavizador01.jpg","datePublished":"2024-01-05T00:10:55+00:00","dateModified":"2024-08-13T02:44:26+00:00","description":"Descubre la revoluci\u00f3n en el cuidado del agua con nuestro Suavizador de Agua de \u00daltima Generaci\u00f3n. Dise\u00f1ado para elevar la calidad de tu agua y mejorar...","breadcrumb":{"@id":"https:\/\/purificadoresdeaguacostarica.ozonofiltroscostarica.com\/index.php\/product\/suavizador-de-agua-costa-rica\/#breadcrumb"},"inLanguage":"es","potentialAction":[{"@type":"ReadAction","target":["https:\/\/purificadoresdeaguacostarica.ozonofiltroscostarica.com\/index.php\/product\/suavizador-de-agua-costa-rica\/"]}]},{"@type":"ImageObject","inLanguage":"es","@id":"https:\/\/purificadoresdeaguacostarica.ozonofiltroscostarica.com\/index.php\/product\/suavizador-de-agua-costa-rica\/#primaryimage","url":"https:\/\/purificadoresdeaguacostarica.ozonofiltroscostarica.com\/wp-content\/uploads\/2024\/01\/suavizador01.jpg","contentUrl":"https:\/\/purificadoresdeaguacostarica.ozonofiltroscostarica.com\/wp-content\/uploads\/2024\/01\/suavizador01.jpg","width":720,"height":857,"caption":"suavizador de agua costa rica"},{"@type":"BreadcrumbList","@id":"https:\/\/purificadoresdeaguacostarica.ozonofiltroscostarica.com\/index.php\/product\/suavizador-de-agua-costa-rica\/#breadcrumb","itemListElement":[{"@type":"ListItem","position":1,"name":"Portada","item":"https:\/\/purificadoresdeaguacostarica.ozonofiltroscostarica.com\/"},{"@type":"ListItem","position":2,"name":"Shop","item":"https:\/\/purificadoresdeaguacostarica.ozonofiltroscostarica.com\/index.php\/shop\/"},{"@type":"ListItem","position":3,"name":"Suavizador de Agua Costa Rica"}]},{"@type":"WebSite","@id":"https:\/\/purificadoresdeaguacostarica.ozonofiltroscostarica.com\/#website","url":"https:\/\/purificadoresdeaguacostarica.ozonofiltroscostarica.com\/","name":"purificadores de agua costa rica","description":"Descubre la pureza del agua con nuestros purificadores de agua en Costa Rica. Enfrenta los desaf\u00edos de la calidad del agua con soluciones innovadoras y eficientes que garantizan la eliminaci\u00f3n de impurezas y contaminantes.","alternateName":"purificadores de agua costa rica","potentialAction":[{"@type":"SearchAction","target":{"@type":"EntryPoint","urlTemplate":"https:\/\/purificadoresdeaguacostarica.ozonofiltroscostarica.com\/?s={search_term_string}"},"query-input":{"@type":"PropertyValueSpecification","valueRequired":true,"valueName":"search_term_string"}}],"inLanguage":"es"}]}},"_links":{"self":[{"href":"https:\/\/purificadoresdeaguacostarica.ozonofiltroscostarica.com\/index.php\/wp-json\/wp\/v2\/product\/304","targetHints":{"allow":["GET"]}}],"collection":[{"href":"https:\/\/purificadoresdeaguacostarica.ozonofiltroscostarica.com\/index.php\/wp-json\/wp\/v2\/product"}],"about":[{"href":"https:\/\/purificadoresdeaguacostarica.ozonofiltroscostarica.com\/index.php\/wp-json\/wp\/v2\/types\/product"}],"replies":[{"embeddable":true,"href":"https:\/\/purificadoresdeaguacostarica.ozonofiltroscostarica.com\/index.php\/wp-json\/wp\/v2\/comments?post=304"}],"wp:featuredmedia":[{"embeddable":true,"href":"https:\/\/purificadoresdeaguacostarica.ozonofiltroscostarica.com\/index.php\/wp-json\/wp\/v2\/media\/305"}],"wp:attachment":[{"href":"https:\/\/purificadoresdeaguacostarica.ozonofiltroscostarica.com\/index.php\/wp-json\/wp\/v2\/media?parent=304"}],"wp:term":[{"taxonomy":"product_cat","embeddable":true,"href":"https:\/\/purificadoresdeaguacostarica.ozonofiltroscostarica.com\/index.php\/wp-json\/wp\/v2\/product_cat?post=304"},{"taxonomy":"product_tag","embeddable":true,"href":"https:\/\/purificadoresdeaguacostarica.ozonofiltroscostarica.com\/index.php\/wp-json\/wp\/v2\/product_tag?post=304"}],"curies":[{"name":"wp","href":"https:\/\/api.w.org\/{rel}","templated":true}]}}